{"id":1566,"date":"2021-08-20T14:38:00","date_gmt":"2021-08-20T18:38:00","guid":{"rendered":"https:\/\/tsonotaires.com\/traditional-notarial-practice\/mise-a-jour-du-livre-de-la-societe\/"},"modified":"2022-09-23T10:42:26","modified_gmt":"2022-09-23T14:42:26","slug":"corporate-book-update","status":"publish","type":"page","link":"https:\/\/tsonotaires.com\/en\/traditional-notarial-practice\/corporate-book-update\/","title":{"rendered":"Corporate Book Update"},"content":{"rendered":"\t\t<div data-elementor-type=\"wp-page\" data-elementor-id=\"1566\" class=\"elementor elementor-1566 elementor-631\" data-elementor-post-type=\"page\">\n\t\t\t\t\t\t<section class=\"elementor-section elementor-top-section elementor-element elementor-element-93556c9 elementor-section-height-min-height elementor-section-boxed elementor-section-height-default elementor-section-items-middle\" data-id=\"93556c9\" data-element_type=\"section\" data-e-type=\"section\" data-settings=\"{&quot;background_background&quot;:&quot;classic&quot;}\">\n\t\t\t\t\t\t\t<div class=\"elementor-background-overlay\"><\/div>\n\t\t\t\t\t\t\t<div class=\"elementor-container elementor-column-gap-default\">\n\t\t\t\t\t<div class=\"elementor-column elementor-col-100 elementor-top-column elementor-element elementor-element-b4ac13e\" data-id=\"b4ac13e\" data-element_type=\"column\" data-e-type=\"column\">\n\t\t\t<div class=\"elementor-widget-wrap elementor-element-populated\">\n\t\t\t\t\t\t<div class=\"elementor-element elementor-element-b783a53 elementor-icon-list--layout-inline elementor-align-center elementor-list-item-link-full_width elementor-widget elementor-widget-icon-list\" data-id=\"b783a53\" data-element_type=\"widget\" data-e-type=\"widget\" data-widget_type=\"icon-list.default\">\n\t\t\t\t<div class=\"elementor-widget-container\">\n\t\t\t\t\t\t\t<ul class=\"elementor-icon-list-items elementor-inline-items\">\n\t\t\t\t\t\t\t<li class=\"elementor-icon-list-item elementor-inline-item\">\n\t\t\t\t\t\t\t\t\t\t\t<a href=\"https:\/\/tsonotaires.com\/en\/traditional-notarial-practice\/\">\n\n\t\t\t\t\t\t\t\t\t\t\t<span class=\"elementor-icon-list-text\">Traditional notarial practice <\/span>\n\t\t\t\t\t\t\t\t\t\t\t<\/a>\n\t\t\t\t\t\t\t\t\t<\/li>\n\t\t\t\t\t\t\t\t<li class=\"elementor-icon-list-item elementor-inline-item\">\n\t\t\t\t\t\t\t\t\t\t\t<a href=\"https:\/\/tsonotaires.com\/en\/traditional-notarial-practice\/corporate-book-update\/\">\n\n\t\t\t\t\t\t\t\t\t\t\t\t<span class=\"elementor-icon-list-icon\">\n\t\t\t\t\t\t\t<i aria-hidden=\"true\" class=\"fas fa-arrow-right\"><\/i>\t\t\t\t\t\t<\/span>\n\t\t\t\t\t\t\t\t\t\t<span class=\"elementor-icon-list-text\"><\/span>\n\t\t\t\t\t\t\t\t\t\t\t<\/a>\n\t\t\t\t\t\t\t\t\t<\/li>\n\t\t\t\t\t\t<\/ul>\n\t\t\t\t\t\t<\/div>\n\t\t\t\t<\/div>\n\t\t\t\t\t<\/div>\n\t\t<\/div>\n\t\t\t\t\t<\/div>\n\t\t<\/section>\n\t\t\t\t<section class=\"elementor-section elementor-top-section elementor-element elementor-element-a81db5c elementor-reverse-tablet elementor-reverse-mobile elementor-section-boxed elementor-section-height-default elementor-section-height-default\" data-id=\"a81db5c\" data-element_type=\"section\" data-e-type=\"section\">\n\t\t\t\t\t\t<div class=\"elementor-container elementor-column-gap-default\">\n\t\t\t\t\t<div class=\"elementor-column elementor-col-50 elementor-top-column elementor-element elementor-element-a3e4d21\" data-id=\"a3e4d21\" data-element_type=\"column\" data-e-type=\"column\">\n\t\t\t<div class=\"elementor-widget-wrap elementor-element-populated\">\n\t\t\t\t\t\t<div class=\"elementor-element elementor-element-9068da3 elementor-widget elementor-widget-image\" data-id=\"9068da3\" data-element_type=\"widget\" data-e-type=\"widget\" data-widget_type=\"image.default\">\n\t\t\t\t<div class=\"elementor-widget-container\">\n\t\t\t\t\t\t\t\t\t\t\t\t\t\t\t<img fetchpriority=\"high\" decoding=\"async\" width=\"800\" height=\"534\" src=\"https:\/\/tsonotaires.com\/wp-content\/uploads\/2021\/08\/tso-notaires-creation-societe-01-1024x683.jpg\" class=\"attachment-large size-large wp-image-1441\" alt=\"\" srcset=\"https:\/\/tsonotaires.com\/wp-content\/uploads\/2021\/08\/tso-notaires-creation-societe-01-1024x683.jpg 1024w, https:\/\/tsonotaires.com\/wp-content\/uploads\/2021\/08\/tso-notaires-creation-societe-01-300x200.jpg 300w, https:\/\/tsonotaires.com\/wp-content\/uploads\/2021\/08\/tso-notaires-creation-societe-01-768x512.jpg 768w, https:\/\/tsonotaires.com\/wp-content\/uploads\/2021\/08\/tso-notaires-creation-societe-01-1536x1024.jpg 1536w, https:\/\/tsonotaires.com\/wp-content\/uploads\/2021\/08\/tso-notaires-creation-societe-01.jpg 1920w\" sizes=\"(max-width: 800px) 100vw, 800px\" \/>\t\t\t\t\t\t\t\t\t\t\t\t\t\t\t<\/div>\n\t\t\t\t<\/div>\n\t\t\t\t<div class=\"elementor-element elementor-element-f2cc2dd elementor-cta--skin-classic elementor-animated-content elementor-bg-transform elementor-bg-transform-zoom-in elementor-widget elementor-widget-call-to-action\" data-id=\"f2cc2dd\" data-element_type=\"widget\" data-e-type=\"widget\" data-widget_type=\"call-to-action.default\">\n\t\t\t\t<div class=\"elementor-widget-container\">\n\t\t\t\t\t\t\t<div class=\"elementor-cta\">\n\t\t\t\t\t\t\t<div class=\"elementor-cta__content\">\n\t\t\t\t\n\t\t\t\t\t\t\t\t\t<span class=\"elementor-cta__title elementor-cta__content-item elementor-content-item\">\n\t\t\t\t\t\tTrue or false? \t\t\t\t\t<\/span>\n\t\t\t\t\n\t\t\t\t\t\t\t\t\t<div class=\"elementor-cta__description elementor-cta__content-item elementor-content-item\">\n\t\t\t\t\t\t<b>My accountant is empowered to do the annual updates; there is no need to call my legal counsel.\n<\/b>\n<br><br>\nAnswer: False. An accountant is your financial and tax professional. The notary is your legal professional and is authorized to practice law. Annual updates are considered to be part of law practice, not accounting.\n<br><br>\t\t\t\t\t<\/div>\n\t\t\t\t\n\t\t\t\t\t\t\t<\/div>\n\t\t\t\t\t\t<\/div>\n\t\t\t\t\t\t<\/div>\n\t\t\t\t<\/div>\n\t\t\t\t\t<\/div>\n\t\t<\/div>\n\t\t\t\t<div class=\"elementor-column elementor-col-50 elementor-top-column elementor-element elementor-element-34e53d6\" data-id=\"34e53d6\" data-element_type=\"column\" data-e-type=\"column\">\n\t\t\t<div class=\"elementor-widget-wrap elementor-element-populated\">\n\t\t\t\t\t\t<div class=\"elementor-element elementor-element-4cc4ec3 elementor-widget elementor-widget-heading\" data-id=\"4cc4ec3\" data-element_type=\"widget\" data-e-type=\"widget\" data-widget_type=\"heading.default\">\n\t\t\t\t<div class=\"elementor-widget-container\">\n\t\t\t\t\t<h1 class=\"elementor-heading-title elementor-size-default\">Description<\/h1>\t\t\t\t<\/div>\n\t\t\t\t<\/div>\n\t\t\t\t<div class=\"elementor-element elementor-element-0ee574e elementor-widget elementor-widget-text-editor\" data-id=\"0ee574e\" data-element_type=\"widget\" data-e-type=\"widget\" data-widget_type=\"text-editor.default\">\n\t\t\t\t<div class=\"elementor-widget-container\">\n\t\t\t\t\t\t\t\t\t<div id=\"contentsContainer\" class=\"style-scope qowt-page\"><div id=\"contents\" class=\"style-scope qowt-page\"><div id=\"contentsContainer\" class=\"style-scope qowt-page\"><div id=\"contents\" class=\"style-scope qowt-page\"><div id=\"contentsContainer\" class=\"style-scope qowt-page\"><div id=\"contents\" class=\"style-scope qowt-page\"><p id=\"E659\" class=\"x-scope qowt-word-para-2 x-scope qowt-word-para-2\">There are several recurring obligations related to being in business. Among these obligations, business owners must update the corporate book. This book tells the complete business history and must be updated annually to comply with the law. The update determines who the administrators are, assigns officer positions, and reflects the declaration of dividends and bonuses.<\/p><\/div><\/div><div id=\"contentsContainer\" class=\"style-scope qowt-page\"><div id=\"contents\" class=\"style-scope qowt-page\"><p id=\"E663\" class=\"x-scope qowt-word-para-2\">Without this update, it may not be possible to act as a company administrator. Also, if the government conducts an audit, this aspect will also be reviewed.\u00a0<\/p><p class=\"x-scope qowt-word-para-2\">Therefore, it is recommended that you contact your notary annually and not at the last minute.<\/p><\/div><\/div><\/div><\/div><\/div><\/div>\t\t\t\t\t\t\t\t<\/div>\n\t\t\t\t<\/div>\n\t\t\t\t\t<\/div>\n\t\t<\/div>\n\t\t\t\t\t<\/div>\n\t\t<\/section>\n\t\t\t\t<section class=\"elementor-section elementor-top-section elementor-element elementor-element-ce8cdca elementor-section-boxed elementor-section-height-default elementor-section-height-default\" data-id=\"ce8cdca\" data-element_type=\"section\" data-e-type=\"section\" data-settings=\"{&quot;background_background&quot;:&quot;classic&quot;}\">\n\t\t\t\t\t\t<div class=\"elementor-container elementor-column-gap-no\">\n\t\t\t\t\t<div class=\"elementor-column elementor-col-100 elementor-top-column elementor-element elementor-element-630ff9f\" data-id=\"630ff9f\" data-element_type=\"column\" data-e-type=\"column\">\n\t\t\t<div class=\"elementor-widget-wrap elementor-element-populated\">\n\t\t\t\t\t\t<section class=\"elementor-section elementor-inner-section elementor-element elementor-element-67951d9 elementor-section-content-middle elementor-section-boxed elementor-section-height-default elementor-section-height-default\" data-id=\"67951d9\" data-element_type=\"section\" data-e-type=\"section\" data-settings=\"{&quot;background_background&quot;:&quot;classic&quot;}\">\n\t\t\t\t\t\t<div class=\"elementor-container elementor-column-gap-default\">\n\t\t\t\t\t<div class=\"elementor-column elementor-col-50 elementor-inner-column elementor-element elementor-element-94cced2\" data-id=\"94cced2\" data-element_type=\"column\" data-e-type=\"column\">\n\t\t\t<div class=\"elementor-widget-wrap elementor-element-populated\">\n\t\t\t\t\t\t<div class=\"elementor-element elementor-element-96f43ec animated-fast elementor-invisible elementor-widget elementor-widget-heading\" data-id=\"96f43ec\" data-element_type=\"widget\" data-e-type=\"widget\" data-settings=\"{&quot;_animation&quot;:&quot;fadeInUp&quot;}\" data-widget_type=\"heading.default\">\n\t\t\t\t<div class=\"elementor-widget-container\">\n\t\t\t\t\t<h3 class=\"elementor-heading-title elementor-size-default\">Want to know more about our fields of expertise?\n<\/h3>\t\t\t\t<\/div>\n\t\t\t\t<\/div>\n\t\t\t\t\t<\/div>\n\t\t<\/div>\n\t\t\t\t<div class=\"elementor-column elementor-col-50 elementor-inner-column elementor-element elementor-element-b3afdd6\" data-id=\"b3afdd6\" data-element_type=\"column\" data-e-type=\"column\">\n\t\t\t<div class=\"elementor-widget-wrap elementor-element-populated\">\n\t\t\t\t\t\t<div class=\"elementor-element elementor-element-6888f89 elementor-align-right animated-fast elementor-mobile-align-center elementor-invisible elementor-widget elementor-widget-button\" data-id=\"6888f89\" data-element_type=\"widget\" data-e-type=\"widget\" data-settings=\"{&quot;_animation&quot;:&quot;fadeInUp&quot;}\" data-widget_type=\"button.default\">\n\t\t\t\t<div class=\"elementor-widget-container\">\n\t\t\t\t\t\t\t\t\t<div class=\"elementor-button-wrapper\">\n\t\t\t\t\t<a class=\"elementor-button elementor-button-link elementor-size-md elementor-animation-grow\" href=\"\/en\/notarial-expertises\/\">\n\t\t\t\t\t\t<span class=\"elementor-button-content-wrapper\">\n\t\t\t\t\t\t<span class=\"elementor-button-icon\">\n\t\t\t\t<i aria-hidden=\"true\" class=\"fas fa-arrow-right\"><\/i>\t\t\t<\/span>\n\t\t\t\t\t\t\t\t\t<span class=\"elementor-button-text\">Our expertise<\/span>\n\t\t\t\t\t<\/span>\n\t\t\t\t\t<\/a>\n\t\t\t\t<\/div>\n\t\t\t\t\t\t\t\t<\/div>\n\t\t\t\t<\/div>\n\t\t\t\t\t<\/div>\n\t\t<\/div>\n\t\t\t\t\t<\/div>\n\t\t<\/section>\n\t\t\t\t\t<\/div>\n\t\t<\/div>\n\t\t\t\t\t<\/div>\n\t\t<\/section>\n\t\t\t\t<\/div>\n\t\t","protected":false},"excerpt":{"rendered":"<p>Traditional notarial practice True or false? My accountant is empowered to do the annual updates; there is no need to call my legal counsel. Answer: False. An accountant is your financial and tax professional. The notary is your legal professional and is authorized to practice law. Annual updates are considered to be part of law [&hellip;]<\/p>\n","protected":false},"author":1,"featured_media":0,"parent":1544,"menu_order":0,"comment_status":"closed","ping_status":"closed","template":"","meta":{"_seopress_robots_primary_cat":"","_seopress_titles_title":"Corporate Book Update | Traditional notarial practice | Turgeon Sansoucy Ouellet Notaires","_seopress_titles_desc":"Pr\u00e9voyez la mise \u00e0 jour annuelle de votre livre de soci\u00e9t\u00e9. Les notaires de Turgeon Sansoucy Ouellet poss\u00e8dent l\u2019expertise requise pour l\u2019ex\u00e9cution de cette obligation.","_seopress_robots_index":"","footnotes":""},"class_list":["post-1566","page","type-page","status-publish","hentry"],"_links":{"self":[{"href":"https:\/\/tsonotaires.com\/en\/wp-json\/wp\/v2\/pages\/1566","targetHints":{"allow":["GET"]}}],"collection":[{"href":"https:\/\/tsonotaires.com\/en\/wp-json\/wp\/v2\/pages"}],"about":[{"href":"https:\/\/tsonotaires.com\/en\/wp-json\/wp\/v2\/types\/page"}],"author":[{"embeddable":true,"href":"https:\/\/tsonotaires.com\/en\/wp-json\/wp\/v2\/users\/1"}],"replies":[{"embeddable":true,"href":"https:\/\/tsonotaires.com\/en\/wp-json\/wp\/v2\/comments?post=1566"}],"version-history":[{"count":10,"href":"https:\/\/tsonotaires.com\/en\/wp-json\/wp\/v2\/pages\/1566\/revisions"}],"predecessor-version":[{"id":2383,"href":"https:\/\/tsonotaires.com\/en\/wp-json\/wp\/v2\/pages\/1566\/revisions\/2383"}],"up":[{"embeddable":true,"href":"https:\/\/tsonotaires.com\/en\/wp-json\/wp\/v2\/pages\/1544"}],"wp:attachment":[{"href":"https:\/\/tsonotaires.com\/en\/wp-json\/wp\/v2\/media?parent=1566"}],"curies":[{"name":"wp","href":"https:\/\/api.w.org\/{rel}","templated":true}]}}