{"id":1676,"date":"2021-08-20T14:52:21","date_gmt":"2021-08-20T18:52:21","guid":{"rendered":"https:\/\/tsonotaires.com\/notarial-expertises\/servitude\/"},"modified":"2022-09-23T10:31:58","modified_gmt":"2022-09-23T14:31:58","slug":"easement","status":"publish","type":"page","link":"https:\/\/tsonotaires.com\/en\/notarial-expertises\/easement\/","title":{"rendered":"Easement"},"content":{"rendered":"\t\t<div data-elementor-type=\"wp-page\" data-elementor-id=\"1676\" class=\"elementor elementor-1676 elementor-644\" data-elementor-post-type=\"page\">\n\t\t\t\t\t\t<section class=\"elementor-section elementor-top-section elementor-element elementor-element-917490c elementor-section-height-min-height elementor-section-boxed elementor-section-height-default elementor-section-items-middle\" data-id=\"917490c\" data-element_type=\"section\" data-e-type=\"section\" data-settings=\"{&quot;background_background&quot;:&quot;classic&quot;}\">\n\t\t\t\t\t\t\t<div class=\"elementor-background-overlay\"><\/div>\n\t\t\t\t\t\t\t<div class=\"elementor-container elementor-column-gap-default\">\n\t\t\t\t\t<div class=\"elementor-column elementor-col-100 elementor-top-column elementor-element elementor-element-539d733\" data-id=\"539d733\" data-element_type=\"column\" data-e-type=\"column\">\n\t\t\t<div class=\"elementor-widget-wrap elementor-element-populated\">\n\t\t\t\t\t\t<div class=\"elementor-element elementor-element-c84b257 elementor-icon-list--layout-inline elementor-align-center elementor-list-item-link-full_width elementor-widget elementor-widget-icon-list\" data-id=\"c84b257\" data-element_type=\"widget\" data-e-type=\"widget\" data-widget_type=\"icon-list.default\">\n\t\t\t\t<div class=\"elementor-widget-container\">\n\t\t\t\t\t\t\t<ul class=\"elementor-icon-list-items elementor-inline-items\">\n\t\t\t\t\t\t\t<li class=\"elementor-icon-list-item elementor-inline-item\">\n\t\t\t\t\t\t\t\t\t\t\t<a href=\"https:\/\/tsonotaires.com\/en\/notarial-expertises\/\">\n\n\t\t\t\t\t\t\t\t\t\t\t<span class=\"elementor-icon-list-text\">Notarial expertises<\/span>\n\t\t\t\t\t\t\t\t\t\t\t<\/a>\n\t\t\t\t\t\t\t\t\t<\/li>\n\t\t\t\t\t\t\t\t<li class=\"elementor-icon-list-item elementor-inline-item\">\n\t\t\t\t\t\t\t\t\t\t\t<a href=\"https:\/\/tsonotaires.com\/en\/notarial-expertises\/easement\/\">\n\n\t\t\t\t\t\t\t\t\t\t\t\t<span class=\"elementor-icon-list-icon\">\n\t\t\t\t\t\t\t<i aria-hidden=\"true\" class=\"fas fa-arrow-right\"><\/i>\t\t\t\t\t\t<\/span>\n\t\t\t\t\t\t\t\t\t\t<span class=\"elementor-icon-list-text\"><\/span>\n\t\t\t\t\t\t\t\t\t\t\t<\/a>\n\t\t\t\t\t\t\t\t\t<\/li>\n\t\t\t\t\t\t<\/ul>\n\t\t\t\t\t\t<\/div>\n\t\t\t\t<\/div>\n\t\t\t\t\t<\/div>\n\t\t<\/div>\n\t\t\t\t\t<\/div>\n\t\t<\/section>\n\t\t\t\t<section class=\"elementor-section elementor-top-section elementor-element elementor-element-ca1a125 elementor-section-boxed elementor-section-height-default elementor-section-height-default\" data-id=\"ca1a125\" data-element_type=\"section\" data-e-type=\"section\">\n\t\t\t\t\t\t<div class=\"elementor-container elementor-column-gap-default\">\n\t\t\t\t\t<div class=\"elementor-column elementor-col-50 elementor-top-column elementor-element elementor-element-10d3908\" data-id=\"10d3908\" data-element_type=\"column\" data-e-type=\"column\">\n\t\t\t<div class=\"elementor-widget-wrap elementor-element-populated\">\n\t\t\t\t\t\t<div class=\"elementor-element elementor-element-07a28cd elementor-widget elementor-widget-heading\" data-id=\"07a28cd\" data-element_type=\"widget\" data-e-type=\"widget\" data-widget_type=\"heading.default\">\n\t\t\t\t<div class=\"elementor-widget-container\">\n\t\t\t\t\t<h1 class=\"elementor-heading-title elementor-size-default\">Description<\/h1>\t\t\t\t<\/div>\n\t\t\t\t<\/div>\n\t\t\t\t<div class=\"elementor-element elementor-element-0ece1a3 elementor-widget elementor-widget-text-editor\" data-id=\"0ece1a3\" data-element_type=\"widget\" data-e-type=\"widget\" data-widget_type=\"text-editor.default\">\n\t\t\t\t<div class=\"elementor-widget-container\">\n\t\t\t\t\t\t\t\t\t<div id=\"contentsContainer\" class=\"style-scope qowt-page\"><div id=\"contents\" class=\"style-scope qowt-page\"><div id=\"contentsContainer\" class=\"style-scope qowt-page\"><div id=\"contents\" class=\"style-scope qowt-page\"><p id=\"E716\" class=\"x-scope qowt-word-para-2 x-scope qowt-word-para-2\">An overlapping neighbor, an illegal view, an agreement with the municipality: certain situations must be resolved by enacting and creating an easement. The situation analysis and the easement drafting are two particular fields of expertise, and these services are offered by Turgeon Sansoucy &amp; Ouellet Notaires. Our notaries will handle your file to correctly identify the problem and, above all, to determine the best way to resolve it.<\/p><\/div><\/div><div id=\"contentsContainer\" class=\"style-scope qowt-page\"><div id=\"contents\" class=\"style-scope qowt-page\"><p id=\"E720\" class=\"x-scope qowt-word-para-2\">Therefore, we will be able to contact the required stakeholders, prepare and draft the necessary documents, and obtain the required signatures.<\/p><\/div><\/div><\/div><\/div>\t\t\t\t\t\t\t\t<\/div>\n\t\t\t\t<\/div>\n\t\t\t\t\t<\/div>\n\t\t<\/div>\n\t\t\t\t<div class=\"elementor-column elementor-col-50 elementor-top-column elementor-element elementor-element-554a073\" data-id=\"554a073\" data-element_type=\"column\" data-e-type=\"column\">\n\t\t\t<div class=\"elementor-widget-wrap elementor-element-populated\">\n\t\t\t\t\t\t<div class=\"elementor-element elementor-element-2f3c756 elementor-widget elementor-widget-image\" data-id=\"2f3c756\" data-element_type=\"widget\" data-e-type=\"widget\" data-widget_type=\"image.default\">\n\t\t\t\t<div class=\"elementor-widget-container\">\n\t\t\t\t\t\t\t\t\t\t\t\t\t\t\t<img fetchpriority=\"high\" decoding=\"async\" width=\"800\" height=\"534\" src=\"https:\/\/tsonotaires.com\/wp-content\/uploads\/2021\/08\/tso-notaires-servitude-02-1024x683.jpg\" class=\"attachment-large size-large wp-image-1461\" alt=\"\" srcset=\"https:\/\/tsonotaires.com\/wp-content\/uploads\/2021\/08\/tso-notaires-servitude-02-1024x683.jpg 1024w, https:\/\/tsonotaires.com\/wp-content\/uploads\/2021\/08\/tso-notaires-servitude-02-300x200.jpg 300w, https:\/\/tsonotaires.com\/wp-content\/uploads\/2021\/08\/tso-notaires-servitude-02-768x512.jpg 768w, https:\/\/tsonotaires.com\/wp-content\/uploads\/2021\/08\/tso-notaires-servitude-02-1536x1024.jpg 1536w, https:\/\/tsonotaires.com\/wp-content\/uploads\/2021\/08\/tso-notaires-servitude-02.jpg 1920w\" sizes=\"(max-width: 800px) 100vw, 800px\" \/>\t\t\t\t\t\t\t\t\t\t\t\t\t\t\t<\/div>\n\t\t\t\t<\/div>\n\t\t\t\t<div class=\"elementor-element elementor-element-7a54e80 elementor-cta--skin-classic elementor-animated-content elementor-bg-transform elementor-bg-transform-zoom-in elementor-widget elementor-widget-call-to-action\" data-id=\"7a54e80\" data-element_type=\"widget\" data-e-type=\"widget\" data-widget_type=\"call-to-action.default\">\n\t\t\t\t<div class=\"elementor-widget-container\">\n\t\t\t\t\t\t\t<div class=\"elementor-cta\">\n\t\t\t\t\t\t\t<div class=\"elementor-cta__content\">\n\t\t\t\t\n\t\t\t\t\t\t\t\t\t<span class=\"elementor-cta__title elementor-cta__content-item elementor-content-item\">\n\t\t\t\t\t\tTrue or false? \t\t\t\t\t<\/span>\n\t\t\t\t\n\t\t\t\t\t\t\t\t\t<div class=\"elementor-cta__description elementor-cta__content-item elementor-content-item\">\n\t\t\t\t\t\t<b>A verbal agreement between neighbors is sufficient to regularize a problematic overlapping issue.\n<\/b>\n<br><br>\nAnswer: False. For the agreement to be permanent and remain valid regardless of who owns the property, the notary must record it in writing and publish it in Quebec\u2019s Land register. <br><br>\t\t\t\t\t<\/div>\n\t\t\t\t\n\t\t\t\t\t\t\t\t\t<div class=\"elementor-cta__button-wrapper elementor-cta__content-item elementor-content-item \">\n\t\t\t\t\t<a class=\"elementor-cta__button elementor-button elementor-size-\" href=\"https:\/\/www.registrefoncier.gouv.qc.ca\/Sirf\/\">\n\t\t\t\t\t\tQuebec\u2019s Land register\t\t\t\t\t<\/a>\n\t\t\t\t\t<\/div>\n\t\t\t\t\t\t\t<\/div>\n\t\t\t\t\t\t<\/div>\n\t\t\t\t\t\t<\/div>\n\t\t\t\t<\/div>\n\t\t\t\t\t<\/div>\n\t\t<\/div>\n\t\t\t\t\t<\/div>\n\t\t<\/section>\n\t\t\t\t<section class=\"elementor-section elementor-top-section elementor-element elementor-element-3687684 elementor-section-boxed elementor-section-height-default elementor-section-height-default\" data-id=\"3687684\" data-element_type=\"section\" data-e-type=\"section\" data-settings=\"{&quot;background_background&quot;:&quot;classic&quot;}\">\n\t\t\t\t\t\t<div class=\"elementor-container elementor-column-gap-no\">\n\t\t\t\t\t<div class=\"elementor-column elementor-col-100 elementor-top-column elementor-element elementor-element-ea34e1f\" data-id=\"ea34e1f\" data-element_type=\"column\" data-e-type=\"column\">\n\t\t\t<div class=\"elementor-widget-wrap elementor-element-populated\">\n\t\t\t\t\t\t<section class=\"elementor-section elementor-inner-section elementor-element elementor-element-adc0eae elementor-section-content-middle elementor-section-boxed elementor-section-height-default elementor-section-height-default\" data-id=\"adc0eae\" data-element_type=\"section\" data-e-type=\"section\" data-settings=\"{&quot;background_background&quot;:&quot;classic&quot;}\">\n\t\t\t\t\t\t<div class=\"elementor-container elementor-column-gap-default\">\n\t\t\t\t\t<div class=\"elementor-column elementor-col-50 elementor-inner-column elementor-element elementor-element-2daf58d\" data-id=\"2daf58d\" data-element_type=\"column\" data-e-type=\"column\">\n\t\t\t<div class=\"elementor-widget-wrap elementor-element-populated\">\n\t\t\t\t\t\t<div class=\"elementor-element elementor-element-c3f9268 animated-fast elementor-invisible elementor-widget elementor-widget-heading\" data-id=\"c3f9268\" data-element_type=\"widget\" data-e-type=\"widget\" data-settings=\"{&quot;_animation&quot;:&quot;fadeInUp&quot;}\" data-widget_type=\"heading.default\">\n\t\t\t\t<div class=\"elementor-widget-container\">\n\t\t\t\t\t<h3 class=\"elementor-heading-title elementor-size-default\">Looking for traditional notarial services?\n<\/h3>\t\t\t\t<\/div>\n\t\t\t\t<\/div>\n\t\t\t\t\t<\/div>\n\t\t<\/div>\n\t\t\t\t<div class=\"elementor-column elementor-col-50 elementor-inner-column elementor-element elementor-element-65bc9b1\" data-id=\"65bc9b1\" data-element_type=\"column\" data-e-type=\"column\">\n\t\t\t<div class=\"elementor-widget-wrap elementor-element-populated\">\n\t\t\t\t\t\t<div class=\"elementor-element elementor-element-47ba91c elementor-align-right animated-fast elementor-mobile-align-center elementor-invisible elementor-widget elementor-widget-button\" data-id=\"47ba91c\" data-element_type=\"widget\" data-e-type=\"widget\" data-settings=\"{&quot;_animation&quot;:&quot;fadeInUp&quot;}\" data-widget_type=\"button.default\">\n\t\t\t\t<div class=\"elementor-widget-container\">\n\t\t\t\t\t\t\t\t\t<div class=\"elementor-button-wrapper\">\n\t\t\t\t\t<a class=\"elementor-button elementor-button-link elementor-size-md elementor-animation-grow\" href=\"https:\/\/tsonotaires.com\/en\/traditional-notarial-practice\/\">\n\t\t\t\t\t\t<span class=\"elementor-button-content-wrapper\">\n\t\t\t\t\t\t<span class=\"elementor-button-icon\">\n\t\t\t\t<i aria-hidden=\"true\" class=\"fas fa-arrow-right\"><\/i>\t\t\t<\/span>\n\t\t\t\t\t\t\t\t\t<span class=\"elementor-button-text\">Our services<\/span>\n\t\t\t\t\t<\/span>\n\t\t\t\t\t<\/a>\n\t\t\t\t<\/div>\n\t\t\t\t\t\t\t\t<\/div>\n\t\t\t\t<\/div>\n\t\t\t\t\t<\/div>\n\t\t<\/div>\n\t\t\t\t\t<\/div>\n\t\t<\/section>\n\t\t\t\t\t<\/div>\n\t\t<\/div>\n\t\t\t\t\t<\/div>\n\t\t<\/section>\n\t\t\t\t<\/div>\n\t\t","protected":false},"excerpt":{"rendered":"<p>Notarial expertises Description An overlapping neighbor, an illegal view, an agreement with the municipality: certain situations must be resolved by enacting and creating an easement. The situation analysis and the easement drafting are two particular fields of expertise, and these services are offered by Turgeon Sansoucy &amp; Ouellet Notaires. Our notaries will handle your file [&hellip;]<\/p>\n","protected":false},"author":1,"featured_media":0,"parent":1654,"menu_order":0,"comment_status":"closed","ping_status":"closed","template":"","meta":{"_seopress_robots_primary_cat":"","_seopress_titles_title":"Easement | Notarial expertises | Turgeon Sansoucy Ouellet Notaires","_seopress_titles_desc":"Mise en place et cr\u00e9ation de servitudes. Les notaires de TSO identifient ad\u00e9quatement les probl\u00e9matiques, pr\u00e9parent et r\u00e9digent les documents l\u00e9gaux n\u00e9cessaires.","_seopress_robots_index":"","footnotes":""},"class_list":["post-1676","page","type-page","status-publish","hentry"],"_links":{"self":[{"href":"https:\/\/tsonotaires.com\/en\/wp-json\/wp\/v2\/pages\/1676","targetHints":{"allow":["GET"]}}],"collection":[{"href":"https:\/\/tsonotaires.com\/en\/wp-json\/wp\/v2\/pages"}],"about":[{"href":"https:\/\/tsonotaires.com\/en\/wp-json\/wp\/v2\/types\/page"}],"author":[{"embeddable":true,"href":"https:\/\/tsonotaires.com\/en\/wp-json\/wp\/v2\/users\/1"}],"replies":[{"embeddable":true,"href":"https:\/\/tsonotaires.com\/en\/wp-json\/wp\/v2\/comments?post=1676"}],"version-history":[{"count":10,"href":"https:\/\/tsonotaires.com\/en\/wp-json\/wp\/v2\/pages\/1676\/revisions"}],"predecessor-version":[{"id":2365,"href":"https:\/\/tsonotaires.com\/en\/wp-json\/wp\/v2\/pages\/1676\/revisions\/2365"}],"up":[{"embeddable":true,"href":"https:\/\/tsonotaires.com\/en\/wp-json\/wp\/v2\/pages\/1654"}],"wp:attachment":[{"href":"https:\/\/tsonotaires.com\/en\/wp-json\/wp\/v2\/media?parent=1676"}],"curies":[{"name":"wp","href":"https:\/\/api.w.org\/{rel}","templated":true}]}}