{"id":1700,"date":"2021-08-20T14:55:34","date_gmt":"2021-08-20T18:55:34","guid":{"rendered":"https:\/\/tsonotaires.com\/notarial-expertises\/la-protection-des-personnes-inaptes\/"},"modified":"2022-09-23T10:33:11","modified_gmt":"2022-09-23T14:33:11","slug":"incapable-persons-protection","status":"publish","type":"page","link":"https:\/\/tsonotaires.com\/en\/notarial-expertises\/incapable-persons-protection\/","title":{"rendered":"Incapable Person\u2019s Protection"},"content":{"rendered":"\t\t<div data-elementor-type=\"wp-page\" data-elementor-id=\"1700\" class=\"elementor elementor-1700 elementor-652\" data-elementor-post-type=\"page\">\n\t\t\t\t\t\t<section class=\"elementor-section elementor-top-section elementor-element elementor-element-917490c elementor-section-height-min-height elementor-section-boxed elementor-section-height-default elementor-section-items-middle\" data-id=\"917490c\" data-element_type=\"section\" data-e-type=\"section\" data-settings=\"{&quot;background_background&quot;:&quot;classic&quot;}\">\n\t\t\t\t\t\t\t<div class=\"elementor-background-overlay\"><\/div>\n\t\t\t\t\t\t\t<div class=\"elementor-container elementor-column-gap-default\">\n\t\t\t\t\t<div class=\"elementor-column elementor-col-100 elementor-top-column elementor-element elementor-element-539d733\" data-id=\"539d733\" data-element_type=\"column\" data-e-type=\"column\">\n\t\t\t<div class=\"elementor-widget-wrap elementor-element-populated\">\n\t\t\t\t\t\t<div class=\"elementor-element elementor-element-c84b257 elementor-icon-list--layout-inline elementor-align-center elementor-list-item-link-full_width elementor-widget elementor-widget-icon-list\" data-id=\"c84b257\" data-element_type=\"widget\" data-e-type=\"widget\" data-widget_type=\"icon-list.default\">\n\t\t\t\t<div class=\"elementor-widget-container\">\n\t\t\t\t\t\t\t<ul class=\"elementor-icon-list-items elementor-inline-items\">\n\t\t\t\t\t\t\t<li class=\"elementor-icon-list-item elementor-inline-item\">\n\t\t\t\t\t\t\t\t\t\t\t<a href=\"https:\/\/tsonotaires.com\/en\/notarial-expertises\/\">\n\n\t\t\t\t\t\t\t\t\t\t\t<span class=\"elementor-icon-list-text\">Notarial expertises<\/span>\n\t\t\t\t\t\t\t\t\t\t\t<\/a>\n\t\t\t\t\t\t\t\t\t<\/li>\n\t\t\t\t\t\t\t\t<li class=\"elementor-icon-list-item elementor-inline-item\">\n\t\t\t\t\t\t\t\t\t\t\t<a href=\"https:\/\/tsonotaires.com\/en\/notarial-expertises\/incapable-persons-protection\/\">\n\n\t\t\t\t\t\t\t\t\t\t\t\t<span class=\"elementor-icon-list-icon\">\n\t\t\t\t\t\t\t<i aria-hidden=\"true\" class=\"fas fa-arrow-right\"><\/i>\t\t\t\t\t\t<\/span>\n\t\t\t\t\t\t\t\t\t\t<span class=\"elementor-icon-list-text\"><\/span>\n\t\t\t\t\t\t\t\t\t\t\t<\/a>\n\t\t\t\t\t\t\t\t\t<\/li>\n\t\t\t\t\t\t<\/ul>\n\t\t\t\t\t\t<\/div>\n\t\t\t\t<\/div>\n\t\t\t\t\t<\/div>\n\t\t<\/div>\n\t\t\t\t\t<\/div>\n\t\t<\/section>\n\t\t\t\t<section class=\"elementor-section elementor-top-section elementor-element elementor-element-ca1a125 elementor-section-boxed elementor-section-height-default elementor-section-height-default\" data-id=\"ca1a125\" data-element_type=\"section\" data-e-type=\"section\">\n\t\t\t\t\t\t<div class=\"elementor-container elementor-column-gap-default\">\n\t\t\t\t\t<div class=\"elementor-column elementor-col-50 elementor-top-column elementor-element elementor-element-10d3908\" data-id=\"10d3908\" data-element_type=\"column\" data-e-type=\"column\">\n\t\t\t<div class=\"elementor-widget-wrap elementor-element-populated\">\n\t\t\t\t\t\t<div class=\"elementor-element elementor-element-07a28cd elementor-widget elementor-widget-heading\" data-id=\"07a28cd\" data-element_type=\"widget\" data-e-type=\"widget\" data-widget_type=\"heading.default\">\n\t\t\t\t<div class=\"elementor-widget-container\">\n\t\t\t\t\t<h1 class=\"elementor-heading-title elementor-size-default\">Description<\/h1>\t\t\t\t<\/div>\n\t\t\t\t<\/div>\n\t\t\t\t<div class=\"elementor-element elementor-element-0ece1a3 elementor-widget elementor-widget-text-editor\" data-id=\"0ece1a3\" data-element_type=\"widget\" data-e-type=\"widget\" data-widget_type=\"text-editor.default\">\n\t\t\t\t<div class=\"elementor-widget-container\">\n\t\t\t\t\t\t\t\t\t<div id=\"contentsContainer\" class=\"style-scope qowt-page\"><div id=\"contents\" class=\"style-scope qowt-page\"><div id=\"contentsContainer\" class=\"style-scope qowt-page\"><div id=\"contents\" class=\"style-scope qowt-page\"><p id=\"E741\" class=\"x-scope qowt-word-para-2\">Is a loved one suffering from a cognitive loss? Regardless of the cause, a person who can no longer make decisions for themselves must have someone who can represent them accordingly.<\/p><p id=\"E745\" class=\"x-scope qowt-word-para-2\">The proceedings required will then be orchestrated by a notary, who will gather all the information and documents needed to complete the procedure. The medical and psychosocial assessments confirming the incapacity and the degree of incapacity must be obtained. The process would be different if the adult had a protection mandate. If there is no protection mandate, a protection regime must be opened, and it will be up to the group of relatives, allies, or friends to decide who will act as a legal representative. If a protection mandate exists, this person will be named in the protection mandate, and the process of homologating the protection mandate will need to be undertaken.<\/p><p id=\"E749\" class=\"x-scope qowt-word-para-2\">The procedure always ends with a judgment upon submitting all the required documents to the notary.<\/p><p id=\"E753\" class=\"x-scope qowt-word-para-2\">TSO\u2019s notaries are qualified to handle these cases and will assist you with thoughtfulness and understanding<\/p><\/div><\/div><\/div><\/div>\t\t\t\t\t\t\t\t<\/div>\n\t\t\t\t<\/div>\n\t\t\t\t\t<\/div>\n\t\t<\/div>\n\t\t\t\t<div class=\"elementor-column elementor-col-50 elementor-top-column elementor-element elementor-element-554a073\" data-id=\"554a073\" data-element_type=\"column\" data-e-type=\"column\">\n\t\t\t<div class=\"elementor-widget-wrap elementor-element-populated\">\n\t\t\t\t\t\t<div class=\"elementor-element elementor-element-2f3c756 elementor-widget elementor-widget-image\" data-id=\"2f3c756\" data-element_type=\"widget\" data-e-type=\"widget\" data-widget_type=\"image.default\">\n\t\t\t\t<div class=\"elementor-widget-container\">\n\t\t\t\t\t\t\t\t\t\t\t\t\t\t\t<img fetchpriority=\"high\" decoding=\"async\" width=\"800\" height=\"534\" src=\"https:\/\/tsonotaires.com\/wp-content\/uploads\/2021\/08\/tso-notaires-mandat-protection-02-1024x683.jpg\" class=\"attachment-large size-large wp-image-1450\" alt=\"\" srcset=\"https:\/\/tsonotaires.com\/wp-content\/uploads\/2021\/08\/tso-notaires-mandat-protection-02-1024x683.jpg 1024w, https:\/\/tsonotaires.com\/wp-content\/uploads\/2021\/08\/tso-notaires-mandat-protection-02-300x200.jpg 300w, https:\/\/tsonotaires.com\/wp-content\/uploads\/2021\/08\/tso-notaires-mandat-protection-02-768x512.jpg 768w, https:\/\/tsonotaires.com\/wp-content\/uploads\/2021\/08\/tso-notaires-mandat-protection-02-1536x1024.jpg 1536w, https:\/\/tsonotaires.com\/wp-content\/uploads\/2021\/08\/tso-notaires-mandat-protection-02.jpg 1920w\" sizes=\"(max-width: 800px) 100vw, 800px\" \/>\t\t\t\t\t\t\t\t\t\t\t\t\t\t\t<\/div>\n\t\t\t\t<\/div>\n\t\t\t\t<div class=\"elementor-element elementor-element-7a54e80 elementor-cta--skin-classic elementor-animated-content elementor-bg-transform elementor-bg-transform-zoom-in elementor-widget elementor-widget-call-to-action\" data-id=\"7a54e80\" data-element_type=\"widget\" data-e-type=\"widget\" data-widget_type=\"call-to-action.default\">\n\t\t\t\t<div class=\"elementor-widget-container\">\n\t\t\t\t\t\t\t<div class=\"elementor-cta\">\n\t\t\t\t\t\t\t<div class=\"elementor-cta__content\">\n\t\t\t\t\n\t\t\t\t\t\t\t\t\t<span class=\"elementor-cta__title elementor-cta__content-item elementor-content-item\">\n\t\t\t\t\t\tTrue or false? \t\t\t\t\t<\/span>\n\t\t\t\t\n\t\t\t\t\t\t\t\t\t<div class=\"elementor-cta__description elementor-cta__content-item elementor-content-item\">\n\t\t\t\t\t\t<b>Without a protection mandate, the government will be responsible for my finances and medical decisions.<\/b>\n<br><br>\nAnswer: False. Without a protection mandate, a protection regime will be the next step.\n<br><br>\t\t\t\t\t<\/div>\n\t\t\t\t\n\t\t\t\t\t\t\t\t\t<div class=\"elementor-cta__button-wrapper elementor-cta__content-item elementor-content-item \">\n\t\t\t\t\t<a class=\"elementor-cta__button elementor-button elementor-size-\" href=\"https:\/\/tsonotaires.com\/en\/traditional-notarial-practice\/protection-mandate\/\">\n\t\t\t\t\t\tProtection mandate\t\t\t\t\t<\/a>\n\t\t\t\t\t<\/div>\n\t\t\t\t\t\t\t<\/div>\n\t\t\t\t\t\t<\/div>\n\t\t\t\t\t\t<\/div>\n\t\t\t\t<\/div>\n\t\t\t\t\t<\/div>\n\t\t<\/div>\n\t\t\t\t\t<\/div>\n\t\t<\/section>\n\t\t\t\t<section class=\"elementor-section elementor-top-section elementor-element elementor-element-762a134 elementor-section-boxed elementor-section-height-default elementor-section-height-default\" data-id=\"762a134\" data-element_type=\"section\" data-e-type=\"section\" data-settings=\"{&quot;background_background&quot;:&quot;classic&quot;}\">\n\t\t\t\t\t\t<div class=\"elementor-container elementor-column-gap-no\">\n\t\t\t\t\t<div class=\"elementor-column elementor-col-100 elementor-top-column elementor-element elementor-element-c2f5ee6\" data-id=\"c2f5ee6\" data-element_type=\"column\" data-e-type=\"column\">\n\t\t\t<div class=\"elementor-widget-wrap elementor-element-populated\">\n\t\t\t\t\t\t<section class=\"elementor-section elementor-inner-section elementor-element elementor-element-6b68a9b elementor-section-content-middle elementor-section-boxed elementor-section-height-default elementor-section-height-default\" data-id=\"6b68a9b\" data-element_type=\"section\" data-e-type=\"section\" data-settings=\"{&quot;background_background&quot;:&quot;classic&quot;}\">\n\t\t\t\t\t\t<div class=\"elementor-container elementor-column-gap-default\">\n\t\t\t\t\t<div class=\"elementor-column elementor-col-50 elementor-inner-column elementor-element elementor-element-3d7d4b2\" data-id=\"3d7d4b2\" data-element_type=\"column\" data-e-type=\"column\">\n\t\t\t<div class=\"elementor-widget-wrap elementor-element-populated\">\n\t\t\t\t\t\t<div class=\"elementor-element elementor-element-3e19d2d animated-fast elementor-invisible elementor-widget elementor-widget-heading\" data-id=\"3e19d2d\" data-element_type=\"widget\" data-e-type=\"widget\" data-settings=\"{&quot;_animation&quot;:&quot;fadeInUp&quot;}\" data-widget_type=\"heading.default\">\n\t\t\t\t<div class=\"elementor-widget-container\">\n\t\t\t\t\t<h3 class=\"elementor-heading-title elementor-size-default\">Looking for traditional notarial services?\n<\/h3>\t\t\t\t<\/div>\n\t\t\t\t<\/div>\n\t\t\t\t\t<\/div>\n\t\t<\/div>\n\t\t\t\t<div class=\"elementor-column elementor-col-50 elementor-inner-column elementor-element elementor-element-3dbe707\" data-id=\"3dbe707\" data-element_type=\"column\" data-e-type=\"column\">\n\t\t\t<div class=\"elementor-widget-wrap elementor-element-populated\">\n\t\t\t\t\t\t<div class=\"elementor-element elementor-element-23d8424 elementor-align-right animated-fast elementor-mobile-align-center elementor-invisible elementor-widget elementor-widget-button\" data-id=\"23d8424\" data-element_type=\"widget\" data-e-type=\"widget\" data-settings=\"{&quot;_animation&quot;:&quot;fadeInUp&quot;}\" data-widget_type=\"button.default\">\n\t\t\t\t<div class=\"elementor-widget-container\">\n\t\t\t\t\t\t\t\t\t<div class=\"elementor-button-wrapper\">\n\t\t\t\t\t<a class=\"elementor-button elementor-button-link elementor-size-md elementor-animation-grow\" href=\"https:\/\/tsonotaires.com\/en\/traditional-notarial-practice\/\">\n\t\t\t\t\t\t<span class=\"elementor-button-content-wrapper\">\n\t\t\t\t\t\t<span class=\"elementor-button-icon\">\n\t\t\t\t<i aria-hidden=\"true\" class=\"fas fa-arrow-right\"><\/i>\t\t\t<\/span>\n\t\t\t\t\t\t\t\t\t<span class=\"elementor-button-text\">Our services<\/span>\n\t\t\t\t\t<\/span>\n\t\t\t\t\t<\/a>\n\t\t\t\t<\/div>\n\t\t\t\t\t\t\t\t<\/div>\n\t\t\t\t<\/div>\n\t\t\t\t\t<\/div>\n\t\t<\/div>\n\t\t\t\t\t<\/div>\n\t\t<\/section>\n\t\t\t\t\t<\/div>\n\t\t<\/div>\n\t\t\t\t\t<\/div>\n\t\t<\/section>\n\t\t\t\t<\/div>\n\t\t","protected":false},"excerpt":{"rendered":"<p>Notarial expertises Description Is a loved one suffering from a cognitive loss? Regardless of the cause, a person who can no longer make decisions for themselves must have someone who can represent them accordingly. The proceedings required will then be orchestrated by a notary, who will gather all the information and documents needed to complete [&hellip;]<\/p>\n","protected":false},"author":1,"featured_media":0,"parent":1654,"menu_order":0,"comment_status":"closed","ping_status":"closed","template":"","meta":{"_seopress_robots_primary_cat":"","_seopress_titles_title":"Incapable Person\u2019s Protection | Notarial expertises | Turgeon Sansoucy Ouellet Notaires","_seopress_titles_desc":"Un de vos proches est en perte de capacit\u00e9s cognitives ? Les notaires de TSO sont habilit\u00e9s \u00e0 prendre en charge ces dossiers avec d\u00e9licatesse et compr\u00e9hension.","_seopress_robots_index":"","footnotes":""},"class_list":["post-1700","page","type-page","status-publish","hentry"],"_links":{"self":[{"href":"https:\/\/tsonotaires.com\/en\/wp-json\/wp\/v2\/pages\/1700","targetHints":{"allow":["GET"]}}],"collection":[{"href":"https:\/\/tsonotaires.com\/en\/wp-json\/wp\/v2\/pages"}],"about":[{"href":"https:\/\/tsonotaires.com\/en\/wp-json\/wp\/v2\/types\/page"}],"author":[{"embeddable":true,"href":"https:\/\/tsonotaires.com\/en\/wp-json\/wp\/v2\/users\/1"}],"replies":[{"embeddable":true,"href":"https:\/\/tsonotaires.com\/en\/wp-json\/wp\/v2\/comments?post=1700"}],"version-history":[{"count":10,"href":"https:\/\/tsonotaires.com\/en\/wp-json\/wp\/v2\/pages\/1700\/revisions"}],"predecessor-version":[{"id":2368,"href":"https:\/\/tsonotaires.com\/en\/wp-json\/wp\/v2\/pages\/1700\/revisions\/2368"}],"up":[{"embeddable":true,"href":"https:\/\/tsonotaires.com\/en\/wp-json\/wp\/v2\/pages\/1654"}],"wp:attachment":[{"href":"https:\/\/tsonotaires.com\/en\/wp-json\/wp\/v2\/media?parent=1700"}],"curies":[{"name":"wp","href":"https:\/\/api.w.org\/{rel}","templated":true}]}}